{"id":14411,"date":"2023-05-08T07:53:12","date_gmt":"2023-05-08T05:53:12","guid":{"rendered":"https:\/\/stag.tomsgates.com\/over-ons\/"},"modified":"2025-07-15T16:22:05","modified_gmt":"2025-07-15T14:22:05","slug":"a-propos","status":"publish","type":"page","link":"https:\/\/stag.tomsgates.com\/fr\/a-propos\/","title":{"rendered":"\u00c0 propos"},"content":{"rendered":"<section class=\"l-section wpb_row us_custom_fb95e986 section--header-overlay height_large\"><div class=\"l-section-h i-cf\"><div class=\"g-cols vc_row via_grid cols_1 laptops-cols_inherit tablets-cols_inherit mobiles-cols_1 valign_top type_default stacking_default\"><div class=\"wpb_column vc_column_container\"><div class=\"vc_column-inner\"><nav class=\"g-breadcrumbs us_custom_6df4bc3a has_text_color separator_custom align_none\" itemscope itemtype=\"http:\/\/schema.org\/BreadcrumbList\"><div class=\"g-breadcrumbs-item\" itemscope itemprop=\"itemListElement\" itemtype=\"http:\/\/schema.org\/ListItem\"><a itemprop=\"item\" href=\"https:\/\/stag.tomsgates.com\/fr\/\"><span itemprop=\"name\">Accueil<\/span><\/a><meta itemprop=\"position\" content=\"1\"\/><\/div><div class=\"g-breadcrumbs-separator\">\/<\/div><div class=\"g-breadcrumbs-item\">Pages<\/div><\/nav><\/div><\/div><\/div><\/div><\/section><section class=\"l-section wpb_row us_custom_887a049b height_large\"><div class=\"l-section-h i-cf\"><div class=\"g-cols vc_row via_grid cols_1 laptops-cols_inherit tablets-cols_inherit mobiles-cols_1 valign_top type_default stacking_default\"><div class=\"wpb_column vc_column_container\"><div class=\"vc_column-inner\"><div class=\"g-cols wpb_row us_custom_5969dc54 via_grid cols_1 laptops-cols_inherit tablets-cols_inherit mobiles-cols_1 valign_top type_default stacking_default\" style=\"--columns-gap:3rem;\"><div class=\"wpb_column vc_column_container\"><div class=\"vc_column-inner\"><div class=\"wpb_text_column\"><div class=\"wpb_wrapper\"><h1>Notre histoire<\/h1>\n<\/div><\/div><\/div><\/div><\/div><\/div><\/div><\/div><\/div><\/section><section class=\"l-section wpb_row us_custom_4e3ce60a height_large\"><div class=\"l-section-h i-cf\"><div class=\"g-cols vc_row via_grid cols_1 laptops-cols_inherit tablets-cols_inherit mobiles-cols_1 valign_top type_default stacking_default\"><div class=\"wpb_column vc_column_container\"><div class=\"vc_column-inner\"><div class=\"g-cols wpb_row via_grid cols_2 laptops-cols_inherit tablets-cols_inherit mobiles-cols_1 valign_bottom type_default stacking_default\" style=\"--columns-gap:3rem;\"><div class=\"wpb_column vc_column_container us_custom_3257a9f0\"><div class=\"vc_column-inner\"><div class=\"wpb_text_column us_custom_9424770a blockquote--box has_text_color\"><div class=\"wpb_wrapper\"><blockquote>\n<p>Comment faire pour permettre au chien de sortir au jardin quand nous sommes au travail? Qui est volontaire pour attendre 10 minutes dans le froid ce soir?<\/p>\n<\/blockquote>\n<\/div><\/div><div class=\"w-image us_custom_8484527d align_none\"><div class=\"w-image-h\"><img decoding=\"async\" width=\"1024\" height=\"1024\" src=\"https:\/\/stag.tomsgates.com\/wp-content\/uploads\/2023\/05\/bg-patternPink.svg\" class=\"attachment-large size-large\" alt=\"\" loading=\"lazy\" \/><\/div><\/div><\/div><\/div><div class=\"wpb_column vc_column_container\"><div class=\"vc_column-inner\"><div class=\"w-image us_custom_db135166 align_none\"><div class=\"w-image-h\"><img decoding=\"async\" width=\"1024\" height=\"1024\" src=\"https:\/\/stag.tomsgates.com\/wp-content\/uploads\/2023\/10\/Scherm\u00adafbeelding-2023-10-29-om-10.41.02-1024x1024.png\" class=\"attachment-large size-large\" alt=\"\" loading=\"lazy\" srcset=\"https:\/\/stag.tomsgates.com\/wp-content\/uploads\/2023\/10\/Scherm\u00adafbeelding-2023-10-29-om-10.41.02-1024x1024.png 1024w, https:\/\/stag.tomsgates.com\/wp-content\/uploads\/2023\/10\/Scherm\u00adafbeelding-2023-10-29-om-10.41.02-300x300.png 300w, https:\/\/stag.tomsgates.com\/wp-content\/uploads\/2023\/10\/Scherm\u00adafbeelding-2023-10-29-om-10.41.02-600x600.png 600w, https:\/\/stag.tomsgates.com\/wp-content\/uploads\/2023\/10\/Scherm\u00adafbeelding-2023-10-29-om-10.41.02-150x150.png 150w, https:\/\/stag.tomsgates.com\/wp-content\/uploads\/2023\/10\/Scherm\u00adafbeelding-2023-10-29-om-10.41.02-50x50.png 50w, https:\/\/stag.tomsgates.com\/wp-content\/uploads\/2023\/10\/Scherm\u00adafbeelding-2023-10-29-om-10.41.02-100x100.png 100w, https:\/\/stag.tomsgates.com\/wp-content\/uploads\/2023\/10\/Scherm\u00adafbeelding-2023-10-29-om-10.41.02.png 1685w\" sizes=\"auto, (max-width: 1024px) 100vw, 1024px\" \/><\/div><\/div><div class=\"w-separator size_medium\"><\/div><div class=\"wpb_text_column\"><div class=\"wpb_wrapper\"><h2>Le d\u00e9but<\/h2>\n<\/div><\/div><div class=\"w-separator size_custom\" style=\"height:0.5rem\"><\/div><div class=\"wpb_text_column\"><div class=\"wpb_wrapper\"><h2>Comment Tomsgates est n\u00e9<\/h2>\n<\/div><\/div><div class=\"w-separator size_medium\"><\/div><div class=\"wpb_text_column\"><div class=\"wpb_wrapper\"><p>C&rsquo;est le genre de questions auxquelles nous avons \u00e9t\u00e9 confront\u00e9s lorsque nous avons accueilli un chien au sein de notre famille, en 1998. Nous avons d&rsquo;abord install\u00e9 des trappes en plastique, mais vous connaissez \u00e9videmment le r\u00e9sultat. Aucune d&rsquo;entre elles n\u2019a r\u00e9sist\u00e9 \u00e0 l&rsquo;\u00e9nergie d&rsquo;Acqui, notre boxer.<\/p>\n<p>C\u2019est alors que nous avons eu l\u2019id\u00e9e de d\u00e9velopper notre propre syst\u00e8me, une trappe en bois solide \u00e0 l&rsquo;\u00e9preuve de sa fougue. Malgr\u00e9 les courants d&rsquo;air et le bruit, ce syst\u00e8me a tenu. M\u00eame avec Cahors, notre dogue de Bordeaux, encore plus imposant.<\/p>\n<\/div><\/div><\/div><\/div><\/div><\/div><\/div><\/div><\/div><\/section><section class=\"l-section wpb_row us_custom_6c99beeb height_large\"><div class=\"l-section-h i-cf\"><div class=\"g-cols vc_row via_grid cols_1 laptops-cols_inherit tablets-cols_inherit mobiles-cols_1 valign_top type_default stacking_default\"><div class=\"wpb_column vc_column_container\"><div class=\"vc_column-inner\"><div class=\"g-cols wpb_row via_grid cols_2 laptops-cols_inherit tablets-cols_inherit mobiles-cols_1 valign_middle type_default stacking_default\" style=\"--columns-gap:6rem;\"><div class=\"wpb_column vc_column_container\"><div class=\"vc_column-inner\"><div class=\"wpb_text_column\"><div class=\"wpb_wrapper\"><h2>Et la suite<\/h2>\n<\/div><\/div><div class=\"w-separator size_custom\" style=\"height:0.5rem\"><\/div><div class=\"wpb_text_column\"><div class=\"wpb_wrapper\"><h2>Qu\u2019en est-il des petits chiens et chats ?<\/h2>\n<\/div><\/div><div class=\"w-separator size_medium\"><\/div><div class=\"wpb_text_column\"><div class=\"wpb_wrapper\"><p>Avec Tinta, notre Cavalier King Charles, nous sommes revenus \u00e0 la case d\u00e9part ! Ce petit chien fr\u00eale n\u2019arrivait en effet pas \u00e0 ouvrir la lourde porte massive et r\u00e9sistante.<\/p>\n<p>Elle repr\u00e9sentait m\u00eame un danger en se refermant quand notre chienne sortait. Quant aux chats, il ne fallait m\u00eame pas en parler. Nous avons alors eu cette id\u00e9e, qui s&rsquo;est av\u00e9r\u00e9e \u00eatre la solution : <strong>un rabat souple avec des lames <\/strong>en bois.<\/p>\n<p>Le rabat ne faisait plus de bruit, le petit Cavalier King Charles pouvait ouvrir les rabats inf\u00e9rieurs tr\u00e8s facilement et le tout restait herm\u00e9tique au vent et \u00e0 la pluie.<\/p>\n<\/div><\/div><\/div><\/div><div class=\"wpb_column vc_column_container\"><div class=\"vc_column-inner\"><div class=\"w-image us_custom_ff58f711 bg--cornerRightTop grey has_ratio align_none\"><div class=\"w-image-h\"><div style=\"padding-bottom:93.75%\"><\/div><img decoding=\"async\" width=\"1024\" height=\"889\" src=\"https:\/\/stag.tomsgates.com\/wp-content\/uploads\/2023\/10\/Scherm\u00adafbeelding-2023-10-29-om-10.44.32-1024x889.png\" class=\"attachment-large size-large\" alt=\"\" loading=\"lazy\" \/><\/div><\/div><\/div><\/div><\/div><\/div><\/div><\/div><\/div><\/section><section class=\"l-section wpb_row height_large width_full\"><div class=\"l-section-h i-cf\"><div class=\"g-cols vc_row via_grid cols_2 laptops-cols_inherit tablets-cols_inherit mobiles-cols_1 valign_top type_default reversed stacking_default\" style=\"--columns-gap:0rem;\"><div class=\"wpb_column vc_column_container us_custom_a10375f0 has_bg_color\"><div class=\"vc_column-inner\"><div class=\"w-image us_custom_cfcf68ce align_none\"><div class=\"w-image-h\"><img decoding=\"async\" width=\"1024\" height=\"1024\" src=\"https:\/\/stag.tomsgates.com\/wp-content\/uploads\/2023\/05\/bg-patternPink.svg\" class=\"attachment-large size-large\" alt=\"\" loading=\"lazy\" \/><\/div><\/div><\/div><\/div><div class=\"wpb_column vc_column_container us_custom_8c769906\"><div class=\"vc_column-inner\"><div class=\"g-cols wpb_row us_custom_d37d54bd via_grid cols_1 laptops-cols_inherit tablets-cols_inherit mobiles-cols_1 valign_top type_default stacking_default\" style=\"--columns-gap:3rem;\"><div class=\"wpb_column vc_column_container\"><div class=\"vc_column-inner\"><div class=\"wpb_text_column\"><div class=\"wpb_wrapper\"><h2>Confiance intemporelle<\/h2>\n<\/div><\/div><div class=\"w-separator size_custom\" style=\"height:0.5rem\"><\/div><div class=\"wpb_text_column\"><div class=\"wpb_wrapper\"><h2>Au bout de 15 ans, le premier client<\/h2>\n<\/div><\/div><div class=\"w-separator size_medium\"><\/div><div class=\"wpb_text_column\"><div class=\"wpb_wrapper\"><p>Apr\u00e8s de nombreuses ann\u00e9es, la trappe remplissait encore et toujours parfaitement son r\u00f4le (m\u00eame avec Merlot, notre mastino de 80 kg). Si bien qu&rsquo;en 2013 nous avons d\u00e9cid\u00e9 de breveter le concept et de cr\u00e9er notre site web. Au bout d\u2019une semaine, notre premier client nous contactait&#8230;<\/p>\n<p>Depuis, nous n&rsquo;avons cess\u00e9 de faire \u00e9voluer nos produits : joint d&rsquo;\u00e9tanch\u00e9it\u00e9 avec doubles caoutchoucs, fermeture silencieuse, utilisation de bois tropical issu d&rsquo;une sylviculture responsable, facilit\u00e9 d\u2019installation, propre service d&rsquo;installation, trappes murales \u00e0 double rabat&#8230;<\/p>\n<\/div><\/div><\/div><\/div><\/div><div class=\"w-separator size_custom\" style=\"height:0\" id=\"l20f\"><style>@media(max-width:766px){ #l20f{height:2rem!important}}<\/style><\/div><\/div><\/div><\/div><\/div><\/section><section class=\"l-section wpb_row us_custom_6c99beeb height_large\"><div class=\"l-section-h i-cf\"><div class=\"g-cols vc_row via_grid cols_1 laptops-cols_inherit tablets-cols_inherit mobiles-cols_1 valign_top type_default stacking_default\"><div class=\"wpb_column vc_column_container\"><div class=\"vc_column-inner\"><div class=\"g-cols wpb_row via_grid cols_2 laptops-cols_inherit tablets-cols_inherit mobiles-cols_1 valign_top type_default stacking_default\" style=\"--columns-gap:6rem;\"><div class=\"wpb_column vc_column_container\"><div class=\"vc_column-inner\"><div class=\"wpb_text_column\"><div class=\"wpb_wrapper\"><h2>Le bonheur de nos animaux fait le n\u00f4tre<\/h2>\n<\/div><\/div><div class=\"w-separator size_medium\"><\/div><div class=\"wpb_text_column\"><div class=\"wpb_wrapper\"><p>Une trappe qui fonctionne bien et qui convient aussi bien \u00e0 nos chiens qu\u2019\u00e0 nos chats, c\u2019est exactement de cela qu\u2019il s\u2019agit. Et puis, l&rsquo;ouverture et la fermeture silencieuses et l&rsquo;\u00e9tanch\u00e9it\u00e9 au vent et \u00e0 la pluie sont importantes pour les propri\u00e9taires. Mais ce n\u2019est pas tout.<\/p>\n<p>Il n&rsquo;existe pas de chati\u00e8res en plastique \u00e9l\u00e9gantes. Et comme nous aimons tous prendre soin de nos maisons, une solution esth\u00e9tique \u00e9tait n\u00e9cessaire. Alors oui, nos trappes ne sont pas donn\u00e9es, car elles sont fabriqu\u00e9es localement par des menuisiers qualifi\u00e9s avec des <strong>mat\u00e9riaux <\/strong>de qualit\u00e9.<br \/>\nLa qualit\u00e9 est perceptible au premier coup d\u2019\u0153il et la dur\u00e9e de vie de nos trappes est en cons\u00e9quence.<\/p>\n<p>Nous ne travaillons que sur nos trappes. Notre motivation ? C\u2019est vous qui nous l\u2019insufflez\u00a0! Les r\u00e9actions positives et chaleureuses que nous recevons de nos clients. Alors suivez-nous sur Facebook, Instagram.<\/p>\n<\/div><\/div><div class=\"w-separator size_medium\"><\/div><div class=\"w-btn-wrapper align_none\"><a class=\"w-btn us-btn-style_1\" title=\"Realisatie\" href=\"https:\/\/stag.tomsgates.com\/fr\/realisation\/\"><span class=\"w-btn-label\">Nos r\u00e9alisations<\/span><\/a><\/div><\/div><\/div><div class=\"wpb_column vc_column_container\"><div class=\"vc_column-inner\"><div class=\"w-image us_custom_ff58f711 bg--cornerRightTop grey has_ratio align_none\"><div class=\"w-image-h\"><div style=\"padding-bottom:93.75%\"><\/div><img decoding=\"async\" width=\"785\" height=\"1024\" src=\"https:\/\/stag.tomsgates.com\/wp-content\/uploads\/2023\/10\/Scherm\u00adafbeelding-2023-10-29-om-10.56.58-785x1024.png\" class=\"attachment-large size-large\" alt=\"\" loading=\"lazy\" \/><\/div><\/div><div class=\"w-image us_custom_88e27736 align_none\"><div class=\"w-image-h\"><img decoding=\"async\" width=\"1024\" height=\"1024\" src=\"https:\/\/stag.tomsgates.com\/wp-content\/uploads\/2023\/06\/icon-green.svg\" class=\"attachment-large size-large\" alt=\"\" loading=\"lazy\" \/><\/div><\/div><\/div><\/div><\/div><\/div><\/div><\/div><\/div><\/section><section class=\"l-section wpb_row height_large\"><div class=\"l-section-h i-cf\"><div class=\"g-cols vc_row via_grid cols_1 laptops-cols_inherit tablets-cols_inherit mobiles-cols_1 valign_top type_default stacking_default\"><div class=\"wpb_column vc_column_container\"><div class=\"vc_column-inner\"><\/div><\/div><\/div><\/div><\/section><section class=\"l-section wpb_row height_large\"><div class=\"l-section-h i-cf\"><div class=\"g-cols vc_row via_grid cols_1 laptops-cols_inherit tablets-cols_inherit mobiles-cols_1 valign_top type_default stacking_default\"><div class=\"wpb_column vc_column_container\"><div class=\"vc_column-inner\"><div class=\"g-cols wpb_row us_custom_46caaf24 via_grid cols_1 laptops-cols_inherit tablets-cols_inherit mobiles-cols_1 valign_top type_default stacking_default\" style=\"--columns-gap:3rem;\"><div class=\"wpb_column vc_column_container\"><div class=\"vc_column-inner\"><div class=\"w-hwrapper valign_middle wrap align_none\" style=\"--hwrapper-gap:1rem\"><div class=\"wpb_text_column us_custom_f03cabec\"><div class=\"wpb_wrapper\"><h5 style=\"margin-bottom: 0;\">Vous \u00eates int\u00e9ress\u00e9 ?<\/h5>\n<h2 style=\"padding-top: 0.5rem;\">Commandez votre chati\u00e8re ou trappe pour chien<\/h2>\n<\/div><\/div><div class=\"ult-content-box-container \" >\t\t<div class=\"ult-content-box\" style=\"box-shadow: px px px px none;-webkit-transition: all 700ms ease;-moz-transition: all 700ms ease;-ms-transition: all 700ms ease;-o-transition: all 700ms ease;transition: all 700ms ease;\"  data-hover_box_shadow=\"none\"    ><div class=\"w-btn-wrapper align_none\"><a class=\"w-btn us-btn-style_1 us_custom_8e0a61dc icon_atleft\" title=\"Kattenluik\" href=\"https:\/\/stag.tomsgates.com\/fr\/chatiere\/\"><i class=\"fas fa-cat\"><\/i><span class=\"w-btn-label\">Chati\u00e8re<\/span><\/a><\/div><div class=\"w-btn-wrapper align_none\"><a class=\"w-btn us-btn-style_1 us_custom_8e0a61dc icon_atleft\" title=\"Hondenluik\" href=\"https:\/\/stag.tomsgates.com\/fr\/chatiere-chien\/\"><i class=\"fas fa-dog\"><\/i><span class=\"w-btn-label\">Trappes pour chien<\/span><\/a><\/div>\t\t<\/div><\/div><\/div><\/div><\/div><\/div><\/div><\/div><\/div><\/div><\/section>\n","protected":false},"excerpt":{"rendered":"Accueil\/PagesNotre histoire Comment faire pour permettre au chien de sortir au jardin quand nous sommes au travail? Qui est volontaire pour attendre 10 minutes dans le froid ce soir? Le d\u00e9but Comment Tomsgates est n\u00e9 C&rsquo;est le genre de questions auxquelles nous avons \u00e9t\u00e9 confront\u00e9s lorsque nous avons accueilli un chien au sein de notre...","protected":false},"author":664,"featured_media":11782,"parent":0,"menu_order":101,"comment_status":"closed","ping_status":"closed","template":"","meta":{"_acf_changed":false,"footnotes":""},"class_list":["post-14411","page","type-page","status-publish","has-post-thumbnail","hentry"],"acf":[],"yoast_head":"<!-- This site is optimized with the Yoast SEO plugin v27.4 - https:\/\/yoast.com\/product\/yoast-seo-wordpress\/ -->\n<title>Fabriquer soi-m\u00eame une chati\u00e8re ou trappe pour chien de qualit\u00e9 ? Notre histoire - Tomsgates<\/title>\n<meta name=\"description\" content=\"Wij maken mooie, kwalitatieve hondenluiken en kattenluiken voor jarenlang plezier. Tochtvrij, veilig afsluitbaar en stil.\" \/>\n<meta name=\"robots\" content=\"noindex, follow, max-snippet:-1, max-image-preview:large, max-video-preview:-1\" \/>\n<meta property=\"og:locale\" content=\"fr_FR\" \/>\n<meta property=\"og:type\" content=\"article\" \/>\n<meta property=\"og:title\" content=\"Fabriquer soi-m\u00eame une chati\u00e8re ou trappe pour chien de qualit\u00e9 ? Notre histoire - Tomsgates\" \/>\n<meta property=\"og:description\" content=\"Wij maken mooie, kwalitatieve hondenluiken en kattenluiken voor jarenlang plezier. Tochtvrij, veilig afsluitbaar en stil.\" \/>\n<meta property=\"og:url\" content=\"https:\/\/stag.tomsgates.com\/fr\/a-propos\/\" \/>\n<meta property=\"og:site_name\" content=\"Tomsgates\" \/>\n<meta property=\"article:publisher\" content=\"https:\/\/www.facebook.com\/tomsgates.petdoors\" \/>\n<meta property=\"article:modified_time\" content=\"2025-07-15T14:22:05+00:00\" \/>\n<meta property=\"og:image\" content=\"https:\/\/stag.tomsgates.com\/wp-content\/uploads\/2023\/06\/portrait-of-senior-woman-sitting-outdoors-in-garde-2022-02-01-22-36-48-utc-scaled-e1698145212761.jpg\" \/>\n\t<meta property=\"og:image:width\" content=\"2560\" \/>\n\t<meta property=\"og:image:height\" content=\"1704\" \/>\n\t<meta property=\"og:image:type\" content=\"image\/jpeg\" \/>\n<meta name=\"twitter:card\" content=\"summary_large_image\" \/>\n<meta name=\"twitter:label1\" content=\"Dur\u00e9e de lecture estim\u00e9e\" \/>\n\t<meta name=\"twitter:data1\" content=\"4 minutes\" \/>\n<script type=\"application\/ld+json\" class=\"yoast-schema-graph\">{\"@context\":\"https:\\\/\\\/schema.org\",\"@graph\":[{\"@type\":\"WebPage\",\"@id\":\"https:\\\/\\\/stag.tomsgates.com\\\/fr\\\/a-propos\\\/\",\"url\":\"https:\\\/\\\/stag.tomsgates.com\\\/fr\\\/a-propos\\\/\",\"name\":\"Fabriquer soi-m\u00eame une chati\u00e8re ou trappe pour chien de qualit\u00e9 ? Notre histoire - Tomsgates\",\"isPartOf\":{\"@id\":\"https:\\\/\\\/stag.tomsgates.com\\\/fr\\\/#website\"},\"primaryImageOfPage\":{\"@id\":\"https:\\\/\\\/stag.tomsgates.com\\\/fr\\\/a-propos\\\/#primaryimage\"},\"image\":{\"@id\":\"https:\\\/\\\/stag.tomsgates.com\\\/fr\\\/a-propos\\\/#primaryimage\"},\"thumbnailUrl\":\"https:\\\/\\\/stag.tomsgates.com\\\/wp-content\\\/uploads\\\/2023\\\/06\\\/portrait-of-senior-woman-sitting-outdoors-in-garde-2022-02-01-22-36-48-utc-scaled-e1698145212761.jpg\",\"datePublished\":\"2023-05-08T05:53:12+00:00\",\"dateModified\":\"2025-07-15T14:22:05+00:00\",\"description\":\"Wij maken mooie, kwalitatieve hondenluiken en kattenluiken voor jarenlang plezier. Tochtvrij, veilig afsluitbaar en stil.\",\"breadcrumb\":{\"@id\":\"https:\\\/\\\/stag.tomsgates.com\\\/fr\\\/a-propos\\\/#breadcrumb\"},\"inLanguage\":\"fr-FR\",\"potentialAction\":[{\"@type\":\"ReadAction\",\"target\":[\"https:\\\/\\\/stag.tomsgates.com\\\/fr\\\/a-propos\\\/\"]}]},{\"@type\":\"ImageObject\",\"inLanguage\":\"fr-FR\",\"@id\":\"https:\\\/\\\/stag.tomsgates.com\\\/fr\\\/a-propos\\\/#primaryimage\",\"url\":\"https:\\\/\\\/stag.tomsgates.com\\\/wp-content\\\/uploads\\\/2023\\\/06\\\/portrait-of-senior-woman-sitting-outdoors-in-garde-2022-02-01-22-36-48-utc-scaled-e1698145212761.jpg\",\"contentUrl\":\"https:\\\/\\\/stag.tomsgates.com\\\/wp-content\\\/uploads\\\/2023\\\/06\\\/portrait-of-senior-woman-sitting-outdoors-in-garde-2022-02-01-22-36-48-utc-scaled-e1698145212761.jpg\",\"width\":1200,\"height\":799,\"caption\":\"Portrait of senior woman sitting outdoors in garden, pet dog friendship concept.\"},{\"@type\":\"BreadcrumbList\",\"@id\":\"https:\\\/\\\/stag.tomsgates.com\\\/fr\\\/a-propos\\\/#breadcrumb\",\"itemListElement\":[{\"@type\":\"ListItem\",\"position\":1,\"name\":\"Home\",\"item\":\"https:\\\/\\\/stag.tomsgates.com\\\/fr\\\/\"},{\"@type\":\"ListItem\",\"position\":2,\"name\":\"\u00c0 propos\"}]},{\"@type\":\"WebSite\",\"@id\":\"https:\\\/\\\/stag.tomsgates.com\\\/fr\\\/#website\",\"url\":\"https:\\\/\\\/stag.tomsgates.com\\\/fr\\\/\",\"name\":\"Tomsgates\",\"description\":\"Fine Pet Equipment\",\"publisher\":{\"@id\":\"https:\\\/\\\/stag.tomsgates.com\\\/fr\\\/#organization\"},\"potentialAction\":[{\"@type\":\"SearchAction\",\"target\":{\"@type\":\"EntryPoint\",\"urlTemplate\":\"https:\\\/\\\/stag.tomsgates.com\\\/fr\\\/?s={search_term_string}\"},\"query-input\":{\"@type\":\"PropertyValueSpecification\",\"valueRequired\":true,\"valueName\":\"search_term_string\"}}],\"inLanguage\":\"fr-FR\"},{\"@type\":\"Organization\",\"@id\":\"https:\\\/\\\/stag.tomsgates.com\\\/fr\\\/#organization\",\"name\":\"Tomsgates\",\"url\":\"https:\\\/\\\/stag.tomsgates.com\\\/fr\\\/\",\"logo\":{\"@type\":\"ImageObject\",\"inLanguage\":\"fr-FR\",\"@id\":\"https:\\\/\\\/stag.tomsgates.com\\\/fr\\\/#\\\/schema\\\/logo\\\/image\\\/\",\"url\":\"https:\\\/\\\/stag.tomsgates.com\\\/wp-content\\\/uploads\\\/2023\\\/05\\\/logo-tomsgates.svg\",\"contentUrl\":\"https:\\\/\\\/stag.tomsgates.com\\\/wp-content\\\/uploads\\\/2023\\\/05\\\/logo-tomsgates.svg\",\"width\":\"1024\",\"height\":\"1024\",\"caption\":\"Tomsgates\"},\"image\":{\"@id\":\"https:\\\/\\\/stag.tomsgates.com\\\/fr\\\/#\\\/schema\\\/logo\\\/image\\\/\"},\"sameAs\":[\"https:\\\/\\\/www.facebook.com\\\/tomsgates.petdoors\",\"https:\\\/\\\/www.instagram.com\\\/tomsgates_com\\\/\"]}]}<\/script>\n<!-- \/ Yoast SEO plugin. -->","yoast_head_json":{"title":"Fabriquer soi-m\u00eame une chati\u00e8re ou trappe pour chien de qualit\u00e9 ? Notre histoire - Tomsgates","description":"Wij maken mooie, kwalitatieve hondenluiken en kattenluiken voor jarenlang plezier. Tochtvrij, veilig afsluitbaar en stil.","robots":{"index":"noindex","follow":"follow","max-snippet":"max-snippet:-1","max-image-preview":"max-image-preview:large","max-video-preview":"max-video-preview:-1"},"og_locale":"fr_FR","og_type":"article","og_title":"Fabriquer soi-m\u00eame une chati\u00e8re ou trappe pour chien de qualit\u00e9 ? Notre histoire - Tomsgates","og_description":"Wij maken mooie, kwalitatieve hondenluiken en kattenluiken voor jarenlang plezier. Tochtvrij, veilig afsluitbaar en stil.","og_url":"https:\/\/stag.tomsgates.com\/fr\/a-propos\/","og_site_name":"Tomsgates","article_publisher":"https:\/\/www.facebook.com\/tomsgates.petdoors","article_modified_time":"2025-07-15T14:22:05+00:00","og_image":[{"width":2560,"height":1704,"url":"https:\/\/stag.tomsgates.com\/wp-content\/uploads\/2023\/06\/portrait-of-senior-woman-sitting-outdoors-in-garde-2022-02-01-22-36-48-utc-scaled-e1698145212761.jpg","type":"image\/jpeg"}],"twitter_card":"summary_large_image","twitter_misc":{"Dur\u00e9e de lecture estim\u00e9e":"4 minutes"},"schema":{"@context":"https:\/\/schema.org","@graph":[{"@type":"WebPage","@id":"https:\/\/stag.tomsgates.com\/fr\/a-propos\/","url":"https:\/\/stag.tomsgates.com\/fr\/a-propos\/","name":"Fabriquer soi-m\u00eame une chati\u00e8re ou trappe pour chien de qualit\u00e9 ? Notre histoire - Tomsgates","isPartOf":{"@id":"https:\/\/stag.tomsgates.com\/fr\/#website"},"primaryImageOfPage":{"@id":"https:\/\/stag.tomsgates.com\/fr\/a-propos\/#primaryimage"},"image":{"@id":"https:\/\/stag.tomsgates.com\/fr\/a-propos\/#primaryimage"},"thumbnailUrl":"https:\/\/stag.tomsgates.com\/wp-content\/uploads\/2023\/06\/portrait-of-senior-woman-sitting-outdoors-in-garde-2022-02-01-22-36-48-utc-scaled-e1698145212761.jpg","datePublished":"2023-05-08T05:53:12+00:00","dateModified":"2025-07-15T14:22:05+00:00","description":"Wij maken mooie, kwalitatieve hondenluiken en kattenluiken voor jarenlang plezier. Tochtvrij, veilig afsluitbaar en stil.","breadcrumb":{"@id":"https:\/\/stag.tomsgates.com\/fr\/a-propos\/#breadcrumb"},"inLanguage":"fr-FR","potentialAction":[{"@type":"ReadAction","target":["https:\/\/stag.tomsgates.com\/fr\/a-propos\/"]}]},{"@type":"ImageObject","inLanguage":"fr-FR","@id":"https:\/\/stag.tomsgates.com\/fr\/a-propos\/#primaryimage","url":"https:\/\/stag.tomsgates.com\/wp-content\/uploads\/2023\/06\/portrait-of-senior-woman-sitting-outdoors-in-garde-2022-02-01-22-36-48-utc-scaled-e1698145212761.jpg","contentUrl":"https:\/\/stag.tomsgates.com\/wp-content\/uploads\/2023\/06\/portrait-of-senior-woman-sitting-outdoors-in-garde-2022-02-01-22-36-48-utc-scaled-e1698145212761.jpg","width":1200,"height":799,"caption":"Portrait of senior woman sitting outdoors in garden, pet dog friendship concept."},{"@type":"BreadcrumbList","@id":"https:\/\/stag.tomsgates.com\/fr\/a-propos\/#breadcrumb","itemListElement":[{"@type":"ListItem","position":1,"name":"Home","item":"https:\/\/stag.tomsgates.com\/fr\/"},{"@type":"ListItem","position":2,"name":"\u00c0 propos"}]},{"@type":"WebSite","@id":"https:\/\/stag.tomsgates.com\/fr\/#website","url":"https:\/\/stag.tomsgates.com\/fr\/","name":"Tomsgates","description":"Fine Pet Equipment","publisher":{"@id":"https:\/\/stag.tomsgates.com\/fr\/#organization"},"potentialAction":[{"@type":"SearchAction","target":{"@type":"EntryPoint","urlTemplate":"https:\/\/stag.tomsgates.com\/fr\/?s={search_term_string}"},"query-input":{"@type":"PropertyValueSpecification","valueRequired":true,"valueName":"search_term_string"}}],"inLanguage":"fr-FR"},{"@type":"Organization","@id":"https:\/\/stag.tomsgates.com\/fr\/#organization","name":"Tomsgates","url":"https:\/\/stag.tomsgates.com\/fr\/","logo":{"@type":"ImageObject","inLanguage":"fr-FR","@id":"https:\/\/stag.tomsgates.com\/fr\/#\/schema\/logo\/image\/","url":"https:\/\/stag.tomsgates.com\/wp-content\/uploads\/2023\/05\/logo-tomsgates.svg","contentUrl":"https:\/\/stag.tomsgates.com\/wp-content\/uploads\/2023\/05\/logo-tomsgates.svg","width":"1024","height":"1024","caption":"Tomsgates"},"image":{"@id":"https:\/\/stag.tomsgates.com\/fr\/#\/schema\/logo\/image\/"},"sameAs":["https:\/\/www.facebook.com\/tomsgates.petdoors","https:\/\/www.instagram.com\/tomsgates_com\/"]}]}},"_links":{"self":[{"href":"https:\/\/stag.tomsgates.com\/fr\/wp-json\/wp\/v2\/pages\/14411","targetHints":{"allow":["GET"]}}],"collection":[{"href":"https:\/\/stag.tomsgates.com\/fr\/wp-json\/wp\/v2\/pages"}],"about":[{"href":"https:\/\/stag.tomsgates.com\/fr\/wp-json\/wp\/v2\/types\/page"}],"author":[{"embeddable":true,"href":"https:\/\/stag.tomsgates.com\/fr\/wp-json\/wp\/v2\/users\/664"}],"replies":[{"embeddable":true,"href":"https:\/\/stag.tomsgates.com\/fr\/wp-json\/wp\/v2\/comments?post=14411"}],"version-history":[{"count":12,"href":"https:\/\/stag.tomsgates.com\/fr\/wp-json\/wp\/v2\/pages\/14411\/revisions"}],"predecessor-version":[{"id":32539,"href":"https:\/\/stag.tomsgates.com\/fr\/wp-json\/wp\/v2\/pages\/14411\/revisions\/32539"}],"wp:featuredmedia":[{"embeddable":true,"href":"https:\/\/stag.tomsgates.com\/fr\/wp-json\/wp\/v2\/media\/11782"}],"wp:attachment":[{"href":"https:\/\/stag.tomsgates.com\/fr\/wp-json\/wp\/v2\/media?parent=14411"}],"curies":[{"name":"wp","href":"https:\/\/api.w.org\/{rel}","templated":true}]}}