{"id":14330,"date":"2023-07-19T08:26:49","date_gmt":"2023-07-19T06:26:49","guid":{"rendered":"https:\/\/stag.tomsgates.com\/privacybeleid\/"},"modified":"2023-10-27T11:17:33","modified_gmt":"2023-10-27T09:17:33","slug":"privacy-policy","status":"publish","type":"page","link":"https:\/\/stag.tomsgates.com\/fr\/privacy-policy\/","title":{"rendered":"Politique de confidentialit\u00e9"},"content":{"rendered":"<section class=\"l-section wpb_row height_large\"><div class=\"l-section-h i-cf\"><div class=\"g-cols vc_row via_grid cols_1 laptops-cols_inherit tablets-cols_inherit mobiles-cols_1 valign_top type_default stacking_default\"><div class=\"wpb_column vc_column_container\"><div class=\"vc_column-inner\"><div class=\"g-cols wpb_row via_grid cols_1 laptops-cols_inherit tablets-cols_inherit mobiles-cols_1 valign_top type_default stacking_default\" style=\"--columns-gap:3rem;\"><div class=\"wpb_column vc_column_container\"><div class=\"vc_column-inner\"><div class=\"wpb_text_column\"><div class=\"wpb_wrapper\"><h1 class=\"large-12 columns\">Politique de confidentialit\u00e9<\/h1>\n<p>Nous sommes conscients de la confiance que vous nous accordez. Nous consid\u00e9rons donc qu&rsquo;il est de notre responsabilit\u00e9 de prot\u00e9ger votre vie priv\u00e9e. Sur cette page, nous vous indiquons quelles donn\u00e9es nous collectons lorsque vous utilisez notre site web, pourquoi nous collectons ces donn\u00e9es et comment nous les utilisons pour am\u00e9liorer votre exp\u00e9rience d&rsquo;utilisateur. De cette mani\u00e8re, vous comprenez exactement comment nous travaillons.<br \/>\nCette politique de confidentialit\u00e9 s&rsquo;applique aux services de Tomsgates. Vous devez savoir que Tomsgates n&rsquo;est pas responsable des politiques de confidentialit\u00e9 d&rsquo;autres sites et sources. En utilisant ce site web, vous signifiez votre acceptation de la politique de confidentialit\u00e9.<br \/>\nTomsgates respecte la vie priv\u00e9e de tous les utilisateurs de son site et veille \u00e0 ce que les informations personnelles que vous nous fournissez soient trait\u00e9es de mani\u00e8re confidentielle.<\/p>\n<h2>Utilisation de nos services<\/h2>\n<p>Lorsque vous vous inscrivez \u00e0 l&rsquo;un de nos services ou que vous achetez un produit, nous vous demandons de fournir des donn\u00e9es \u00e0 caract\u00e8re personnel. Ces donn\u00e9es sont utilis\u00e9es pour ex\u00e9cuter le service ou vous livrer les produits. Les donn\u00e9es sont stock\u00e9es sur les serveurs s\u00e9curis\u00e9s de Tomsgates ou sur ceux d&rsquo;un tiers. Nous ne combinerons pas ces donn\u00e9es avec d&rsquo;autres donn\u00e9es personnelles en notre possession.<\/p>\n<h2>Communications<\/h2>\n<p>Lorsque vous nous envoyez des courriers \u00e9lectroniques ou d&rsquo;autres messages, nous pouvons conserver ces messages. Parfois, nous vous demanderons de nous communiquer vos donn\u00e9es \u00e0 caract\u00e8re personnel en rapport avec la situation en question. Cela nous permet de traiter vos demandes et d&rsquo;y r\u00e9pondre. Les donn\u00e9es sont stock\u00e9es sur les propres serveurs s\u00e9curis\u00e9s de Tomsgates ou sur ceux d&rsquo;un tiers. Nous ne combinerons pas ces donn\u00e9es avec d&rsquo;autres donn\u00e9es personnelles en notre possession.<\/p>\n<h2>Cookies<\/h2>\n<p>Sur Tomsgates, nous utilisons des cookies fonctionnels, analytiques et publicitaires. Les cookies fonctionnels assurent un fonctionnement optimal du site.<\/p>\n<p>Les cookies fonctionnels sont, par exemple, des cookies utilis\u00e9s pour m\u00e9moriser vos pr\u00e9f\u00e9rences linguistiques. Les cookies analytiques nous permettent de savoir, par exemple, avec quelle facilit\u00e9 les utilisateurs trouvent les pages souhait\u00e9es sur le site. Nous int\u00e9grons ces informations dans les am\u00e9liorations apport\u00e9es \u00e0 notre site web.<\/p>\n<p>Les cookies analytiques ont un impact minimal sur votre vie priv\u00e9e. Nous ne stockons jamais de donn\u00e9es sensibles telles que l&rsquo;adresse IP, le mot de passe et les d\u00e9tails de la carte de cr\u00e9dit.<\/p>\n<p>Les cookies publicitaires permettent de savoir combien de fois un contenu promotionnel a \u00e9t\u00e9 consult\u00e9 et \u00e9vitent, par exemple, de voir trop souvent la m\u00eame publicit\u00e9. Les annonceurs et les tiers peuvent utiliser ces cookies pour \u00e9tablir un profil de visiteur. Nous pr\u00e9f\u00e9rons nous en abstenir, mais nous n&rsquo;avons malheureusement aucun contr\u00f4le sur ce que ces parties font de leurs cookies.<\/p>\n<h2>Objectifs<\/h2>\n<p>Nous ne collectons ni n&rsquo;utilisons d&rsquo;informations \u00e0 des fins autres que celles d\u00e9crites dans la pr\u00e9sente politique de confidentialit\u00e9, sauf si nous avons obtenu votre consentement pr\u00e9alable.<\/p>\n<h2>Tiers<\/h2>\n<p>Les informations ne sont pas partag\u00e9es avec des tiers, sauf si cela est n\u00e9cessaire pour la livraison des marchandises ou la r\u00e9alisation des services dans vos locaux. Les informations peuvent \u00e9galement \u00eatre partag\u00e9es en interne. Nos employ\u00e9s sont tenus de respecter la confidentialit\u00e9 de vos donn\u00e9es.<\/p>\n<h2>Changements<\/h2>\n<p>La pr\u00e9sente d\u00e9claration de confidentialit\u00e9 est adapt\u00e9e \u00e0 l&rsquo;utilisation et aux fonctionnalit\u00e9s de ce site. Toute adaptation et\/ou modification de ce site peut entra\u00eener des changements dans la pr\u00e9sente d\u00e9claration de confidentialit\u00e9. Il est donc conseill\u00e9 de consulter r\u00e9guli\u00e8rement cette d\u00e9claration de confidentialit\u00e9.<\/p>\n<h2>Ajuster\/d\u00e9sabonner le bulletin d&rsquo;information du service<\/h2>\n<p>Au bas de chaque envoi publicitaire, vous trouverez l&rsquo;option de modifier ou de vous d\u00e9sabonner de vos donn\u00e9es.<\/p>\n<h2>Modifier\/d\u00e9sabonner la communication<\/h2>\n<p>Si vous souhaitez modifier vos donn\u00e9es ou vous d\u00e9sinscrire de nos fichiers, veuillez nous contacter. Voir les coordonn\u00e9es ci-dessous.<\/p>\n<h2>D\u00e9sactivation des cookies<\/h2>\n<p>La plupart des navigateurs sont configur\u00e9s pour accepter les cookies par d\u00e9faut, mais vous pouvez r\u00e9initialiser votre navigateur pour qu&rsquo;il refuse tous les cookies ou pour qu&rsquo;il indique quand un cookie est envoy\u00e9.Toutefois, certaines fonctionnalit\u00e9s et certains services, sur notre site ou sur d&rsquo;autres sites, peuvent ne pas fonctionner correctement si les cookies sont d\u00e9sactiv\u00e9s dans votre navigateur.<\/p>\n<h2>Questions et commentaires<\/h2>\n<p>Nous v\u00e9rifions r\u00e9guli\u00e8rement notre conformit\u00e9 \u00e0 la pr\u00e9sente politique de confidentialit\u00e9. Si vous avez des questions concernant cette politique de confidentialit\u00e9, veuillez nous contacter :<br \/>\nTomsgates<br \/>\nKriekhof 16, 2547 Lint<br \/>\n<a href=\"mailto:ivan@stag.tomsgates.com\">ivan@stag.tomsgates.com<\/a><\/p>\n<\/div><\/div><\/div><\/div><\/div><\/div><\/div><\/div><\/div><\/section>\n","protected":false},"excerpt":{"rendered":"Politique de confidentialit\u00e9 Nous sommes conscients de la confiance que vous nous accordez. Nous consid\u00e9rons donc qu&rsquo;il est de notre responsabilit\u00e9 de prot\u00e9ger votre vie priv\u00e9e. Sur cette page, nous vous indiquons quelles donn\u00e9es nous collectons lorsque vous utilisez notre site web, pourquoi nous collectons ces donn\u00e9es et comment nous les utilisons pour am\u00e9liorer votre...","protected":false},"author":664,"featured_media":13112,"parent":0,"menu_order":121,"comment_status":"closed","ping_status":"closed","template":"","meta":{"_acf_changed":false,"footnotes":""},"class_list":["post-14330","page","type-page","status-publish","has-post-thumbnail","hentry"],"acf":[],"yoast_head":"<!-- This site is optimized with the Yoast SEO plugin v27.4 - https:\/\/yoast.com\/product\/yoast-seo-wordpress\/ -->\n<title>Politique de confidentialit\u00e9 - Tomsgates<\/title>\n<meta name=\"description\" content=\"Lisez notre politique de confidentialit\u00e9 pour comprendre comment nous prot\u00e9geons vos informations.\" \/>\n<meta name=\"robots\" content=\"noindex, follow, max-snippet:-1, max-image-preview:large, max-video-preview:-1\" \/>\n<meta property=\"og:locale\" content=\"fr_FR\" \/>\n<meta property=\"og:type\" content=\"article\" \/>\n<meta property=\"og:title\" content=\"Politique de confidentialit\u00e9 - Tomsgates\" \/>\n<meta property=\"og:description\" content=\"Lisez notre politique de confidentialit\u00e9 pour comprendre comment nous prot\u00e9geons vos informations.\" \/>\n<meta property=\"og:url\" content=\"https:\/\/stag.tomsgates.com\/fr\/privacy-policy\/\" \/>\n<meta property=\"og:site_name\" content=\"Tomsgates\" \/>\n<meta property=\"article:publisher\" content=\"https:\/\/www.facebook.com\/tomsgates.petdoors\" \/>\n<meta property=\"article:modified_time\" content=\"2023-10-27T09:17:33+00:00\" \/>\n<meta property=\"og:image\" content=\"https:\/\/www.tomsgates.com\/wp-content\/uploads\/2023\/06\/cute-dog-behind-the-kitchen-table-2022-02-08-22-39-25-utc-1-1024x641.png\" \/>\n\t<meta property=\"og:image:width\" content=\"1024\" \/>\n\t<meta property=\"og:image:height\" content=\"641\" \/>\n\t<meta property=\"og:image:type\" content=\"image\/png\" \/>\n<meta name=\"twitter:card\" content=\"summary_large_image\" \/>\n<meta name=\"twitter:label1\" content=\"Dur\u00e9e de lecture estim\u00e9e\" \/>\n\t<meta name=\"twitter:data1\" content=\"4 minutes\" \/>\n<script type=\"application\/ld+json\" class=\"yoast-schema-graph\">{\"@context\":\"https:\\\/\\\/schema.org\",\"@graph\":[{\"@type\":\"WebPage\",\"@id\":\"https:\\\/\\\/stag.tomsgates.com\\\/fr\\\/privacy-policy\\\/\",\"url\":\"https:\\\/\\\/stag.tomsgates.com\\\/fr\\\/privacy-policy\\\/\",\"name\":\"Politique de confidentialit\u00e9 - Tomsgates\",\"isPartOf\":{\"@id\":\"https:\\\/\\\/stag.tomsgates.com\\\/fr\\\/#website\"},\"primaryImageOfPage\":{\"@id\":\"https:\\\/\\\/stag.tomsgates.com\\\/fr\\\/privacy-policy\\\/#primaryimage\"},\"image\":{\"@id\":\"https:\\\/\\\/stag.tomsgates.com\\\/fr\\\/privacy-policy\\\/#primaryimage\"},\"thumbnailUrl\":\"https:\\\/\\\/stag.tomsgates.com\\\/wp-content\\\/uploads\\\/2023\\\/06\\\/cute-dog-behind-the-kitchen-table-2022-02-08-22-39-25-utc-1-scaled.png\",\"datePublished\":\"2023-07-19T06:26:49+00:00\",\"dateModified\":\"2023-10-27T09:17:33+00:00\",\"description\":\"Lisez notre politique de confidentialit\u00e9 pour comprendre comment nous prot\u00e9geons vos informations.\",\"breadcrumb\":{\"@id\":\"https:\\\/\\\/stag.tomsgates.com\\\/fr\\\/privacy-policy\\\/#breadcrumb\"},\"inLanguage\":\"fr-FR\",\"potentialAction\":[{\"@type\":\"ReadAction\",\"target\":[\"https:\\\/\\\/stag.tomsgates.com\\\/fr\\\/privacy-policy\\\/\"]}]},{\"@type\":\"ImageObject\",\"inLanguage\":\"fr-FR\",\"@id\":\"https:\\\/\\\/stag.tomsgates.com\\\/fr\\\/privacy-policy\\\/#primaryimage\",\"url\":\"https:\\\/\\\/stag.tomsgates.com\\\/wp-content\\\/uploads\\\/2023\\\/06\\\/cute-dog-behind-the-kitchen-table-2022-02-08-22-39-25-utc-1-scaled.png\",\"contentUrl\":\"https:\\\/\\\/stag.tomsgates.com\\\/wp-content\\\/uploads\\\/2023\\\/06\\\/cute-dog-behind-the-kitchen-table-2022-02-08-22-39-25-utc-1-scaled.png\",\"width\":2560,\"height\":1602},{\"@type\":\"BreadcrumbList\",\"@id\":\"https:\\\/\\\/stag.tomsgates.com\\\/fr\\\/privacy-policy\\\/#breadcrumb\",\"itemListElement\":[{\"@type\":\"ListItem\",\"position\":1,\"name\":\"Home\",\"item\":\"https:\\\/\\\/stag.tomsgates.com\\\/fr\\\/\"},{\"@type\":\"ListItem\",\"position\":2,\"name\":\"Politique de confidentialit\u00e9\"}]},{\"@type\":\"WebSite\",\"@id\":\"https:\\\/\\\/stag.tomsgates.com\\\/fr\\\/#website\",\"url\":\"https:\\\/\\\/stag.tomsgates.com\\\/fr\\\/\",\"name\":\"Tomsgates\",\"description\":\"Fine Pet Equipment\",\"publisher\":{\"@id\":\"https:\\\/\\\/stag.tomsgates.com\\\/fr\\\/#organization\"},\"potentialAction\":[{\"@type\":\"SearchAction\",\"target\":{\"@type\":\"EntryPoint\",\"urlTemplate\":\"https:\\\/\\\/stag.tomsgates.com\\\/fr\\\/?s={search_term_string}\"},\"query-input\":{\"@type\":\"PropertyValueSpecification\",\"valueRequired\":true,\"valueName\":\"search_term_string\"}}],\"inLanguage\":\"fr-FR\"},{\"@type\":\"Organization\",\"@id\":\"https:\\\/\\\/stag.tomsgates.com\\\/fr\\\/#organization\",\"name\":\"Tomsgates\",\"url\":\"https:\\\/\\\/stag.tomsgates.com\\\/fr\\\/\",\"logo\":{\"@type\":\"ImageObject\",\"inLanguage\":\"fr-FR\",\"@id\":\"https:\\\/\\\/stag.tomsgates.com\\\/fr\\\/#\\\/schema\\\/logo\\\/image\\\/\",\"url\":\"https:\\\/\\\/stag.tomsgates.com\\\/wp-content\\\/uploads\\\/2023\\\/05\\\/logo-tomsgates.svg\",\"contentUrl\":\"https:\\\/\\\/stag.tomsgates.com\\\/wp-content\\\/uploads\\\/2023\\\/05\\\/logo-tomsgates.svg\",\"width\":\"1024\",\"height\":\"1024\",\"caption\":\"Tomsgates\"},\"image\":{\"@id\":\"https:\\\/\\\/stag.tomsgates.com\\\/fr\\\/#\\\/schema\\\/logo\\\/image\\\/\"},\"sameAs\":[\"https:\\\/\\\/www.facebook.com\\\/tomsgates.petdoors\",\"https:\\\/\\\/www.instagram.com\\\/tomsgates_com\\\/\"]}]}<\/script>\n<!-- \/ Yoast SEO plugin. -->","yoast_head_json":{"title":"Politique de confidentialit\u00e9 - Tomsgates","description":"Lisez notre politique de confidentialit\u00e9 pour comprendre comment nous prot\u00e9geons vos informations.","robots":{"index":"noindex","follow":"follow","max-snippet":"max-snippet:-1","max-image-preview":"max-image-preview:large","max-video-preview":"max-video-preview:-1"},"og_locale":"fr_FR","og_type":"article","og_title":"Politique de confidentialit\u00e9 - Tomsgates","og_description":"Lisez notre politique de confidentialit\u00e9 pour comprendre comment nous prot\u00e9geons vos informations.","og_url":"https:\/\/stag.tomsgates.com\/fr\/privacy-policy\/","og_site_name":"Tomsgates","article_publisher":"https:\/\/www.facebook.com\/tomsgates.petdoors","article_modified_time":"2023-10-27T09:17:33+00:00","og_image":[{"width":1024,"height":641,"url":"https:\/\/www.tomsgates.com\/wp-content\/uploads\/2023\/06\/cute-dog-behind-the-kitchen-table-2022-02-08-22-39-25-utc-1-1024x641.png","type":"image\/png"}],"twitter_card":"summary_large_image","twitter_misc":{"Dur\u00e9e de lecture estim\u00e9e":"4 minutes"},"schema":{"@context":"https:\/\/schema.org","@graph":[{"@type":"WebPage","@id":"https:\/\/stag.tomsgates.com\/fr\/privacy-policy\/","url":"https:\/\/stag.tomsgates.com\/fr\/privacy-policy\/","name":"Politique de confidentialit\u00e9 - Tomsgates","isPartOf":{"@id":"https:\/\/stag.tomsgates.com\/fr\/#website"},"primaryImageOfPage":{"@id":"https:\/\/stag.tomsgates.com\/fr\/privacy-policy\/#primaryimage"},"image":{"@id":"https:\/\/stag.tomsgates.com\/fr\/privacy-policy\/#primaryimage"},"thumbnailUrl":"https:\/\/stag.tomsgates.com\/wp-content\/uploads\/2023\/06\/cute-dog-behind-the-kitchen-table-2022-02-08-22-39-25-utc-1-scaled.png","datePublished":"2023-07-19T06:26:49+00:00","dateModified":"2023-10-27T09:17:33+00:00","description":"Lisez notre politique de confidentialit\u00e9 pour comprendre comment nous prot\u00e9geons vos informations.","breadcrumb":{"@id":"https:\/\/stag.tomsgates.com\/fr\/privacy-policy\/#breadcrumb"},"inLanguage":"fr-FR","potentialAction":[{"@type":"ReadAction","target":["https:\/\/stag.tomsgates.com\/fr\/privacy-policy\/"]}]},{"@type":"ImageObject","inLanguage":"fr-FR","@id":"https:\/\/stag.tomsgates.com\/fr\/privacy-policy\/#primaryimage","url":"https:\/\/stag.tomsgates.com\/wp-content\/uploads\/2023\/06\/cute-dog-behind-the-kitchen-table-2022-02-08-22-39-25-utc-1-scaled.png","contentUrl":"https:\/\/stag.tomsgates.com\/wp-content\/uploads\/2023\/06\/cute-dog-behind-the-kitchen-table-2022-02-08-22-39-25-utc-1-scaled.png","width":2560,"height":1602},{"@type":"BreadcrumbList","@id":"https:\/\/stag.tomsgates.com\/fr\/privacy-policy\/#breadcrumb","itemListElement":[{"@type":"ListItem","position":1,"name":"Home","item":"https:\/\/stag.tomsgates.com\/fr\/"},{"@type":"ListItem","position":2,"name":"Politique de confidentialit\u00e9"}]},{"@type":"WebSite","@id":"https:\/\/stag.tomsgates.com\/fr\/#website","url":"https:\/\/stag.tomsgates.com\/fr\/","name":"Tomsgates","description":"Fine Pet Equipment","publisher":{"@id":"https:\/\/stag.tomsgates.com\/fr\/#organization"},"potentialAction":[{"@type":"SearchAction","target":{"@type":"EntryPoint","urlTemplate":"https:\/\/stag.tomsgates.com\/fr\/?s={search_term_string}"},"query-input":{"@type":"PropertyValueSpecification","valueRequired":true,"valueName":"search_term_string"}}],"inLanguage":"fr-FR"},{"@type":"Organization","@id":"https:\/\/stag.tomsgates.com\/fr\/#organization","name":"Tomsgates","url":"https:\/\/stag.tomsgates.com\/fr\/","logo":{"@type":"ImageObject","inLanguage":"fr-FR","@id":"https:\/\/stag.tomsgates.com\/fr\/#\/schema\/logo\/image\/","url":"https:\/\/stag.tomsgates.com\/wp-content\/uploads\/2023\/05\/logo-tomsgates.svg","contentUrl":"https:\/\/stag.tomsgates.com\/wp-content\/uploads\/2023\/05\/logo-tomsgates.svg","width":"1024","height":"1024","caption":"Tomsgates"},"image":{"@id":"https:\/\/stag.tomsgates.com\/fr\/#\/schema\/logo\/image\/"},"sameAs":["https:\/\/www.facebook.com\/tomsgates.petdoors","https:\/\/www.instagram.com\/tomsgates_com\/"]}]}},"_links":{"self":[{"href":"https:\/\/stag.tomsgates.com\/fr\/wp-json\/wp\/v2\/pages\/14330","targetHints":{"allow":["GET"]}}],"collection":[{"href":"https:\/\/stag.tomsgates.com\/fr\/wp-json\/wp\/v2\/pages"}],"about":[{"href":"https:\/\/stag.tomsgates.com\/fr\/wp-json\/wp\/v2\/types\/page"}],"author":[{"embeddable":true,"href":"https:\/\/stag.tomsgates.com\/fr\/wp-json\/wp\/v2\/users\/664"}],"replies":[{"embeddable":true,"href":"https:\/\/stag.tomsgates.com\/fr\/wp-json\/wp\/v2\/comments?post=14330"}],"version-history":[{"count":1,"href":"https:\/\/stag.tomsgates.com\/fr\/wp-json\/wp\/v2\/pages\/14330\/revisions"}],"predecessor-version":[{"id":23801,"href":"https:\/\/stag.tomsgates.com\/fr\/wp-json\/wp\/v2\/pages\/14330\/revisions\/23801"}],"wp:featuredmedia":[{"embeddable":true,"href":"https:\/\/stag.tomsgates.com\/fr\/wp-json\/wp\/v2\/media\/13112"}],"wp:attachment":[{"href":"https:\/\/stag.tomsgates.com\/fr\/wp-json\/wp\/v2\/media?parent=14330"}],"curies":[{"name":"wp","href":"https:\/\/api.w.org\/{rel}","templated":true}]}}